{"id":7722,"date":"2022-05-14T10:36:21","date_gmt":"2022-05-14T08:36:21","guid":{"rendered":"https:\/\/www.operaincertaeditore.it\/shop\/?post_type=product&#038;p=7722"},"modified":"2022-05-14T10:55:06","modified_gmt":"2022-05-14T08:55:06","slug":"andrea-iurato-leggi-di-piu-e-meglio","status":"publish","type":"product","link":"https:\/\/www.operaincertaeditore.it\/shop\/index.php\/prodotto\/andrea-iurato-leggi-di-piu-e-meglio\/","title":{"rendered":"Andrea Iurato &#8211; Leggi di pi\u00f9 (e meglio)"},"content":{"rendered":"<p><a href=\"https:\/\/www.operaincertaeditore.it\/shop\/?attachment_id=7724\" rel=\"attachment wp-att-7724\"><img loading=\"lazy\" decoding=\"async\" class=\"alignleft size-full wp-image-7724\" src=\"https:\/\/www.operaincertaeditore.it\/shop\/wp-content\/uploads\/2022\/05\/leggi_anteprima.jpg\" alt=\"\" width=\"2000\" height=\"1425\" srcset=\"https:\/\/www.operaincertaeditore.it\/shop\/wp-content\/uploads\/2022\/05\/leggi_anteprima.jpg 2000w, https:\/\/www.operaincertaeditore.it\/shop\/wp-content\/uploads\/2022\/05\/leggi_anteprima-300x214.jpg 300w, https:\/\/www.operaincertaeditore.it\/shop\/wp-content\/uploads\/2022\/05\/leggi_anteprima-1024x730.jpg 1024w, https:\/\/www.operaincertaeditore.it\/shop\/wp-content\/uploads\/2022\/05\/leggi_anteprima-768x547.jpg 768w, https:\/\/www.operaincertaeditore.it\/shop\/wp-content\/uploads\/2022\/05\/leggi_anteprima-1536x1094.jpg 1536w, https:\/\/www.operaincertaeditore.it\/shop\/wp-content\/uploads\/2022\/05\/leggi_anteprima-600x428.jpg 600w\" sizes=\"auto, (max-width: 2000px) 100vw, 2000px\" \/><\/a><\/p>\n","protected":false},"excerpt":{"rendered":"<p>Data di Pubblicazione: maggio 2022<br \/>\nISBN: 978-88-32220-34-6<br \/>\nPagine: 88<\/p>\n<p>Questo non \u00e8 certamente un libro motivazionale, quindi non mira a fare incetta di \u201cconvertiti\u201d n\u00e9 si prefigge di addestrare futuri \u201cpromoters\u201d del credo lettura alla virulenza verbale da neo adepto vegano o no vax, ma di un conciso, godibile manuale scritto da un \u201clettore vorace confesso\u201d con il dichiarato intento di invogliare a leggere di pi\u00f9 e con maggiore consapevolezza. <em>Leggi di pi\u00f9 (e meglio) <\/em>\u00e8 un\u2019appassionata dichiarazione di amore per il leggere: ogni libro, dal pi\u00f9 costoso al pi\u00f9 economico, dal meglio conservato al pi\u00f9 sbrindellato, dall\u2019incunabolo medioevale all\u2019ebook di ultima generazione. A legare ogni pagina il sottile, ma robusto filo del suggerire discreto, senza lo spocchioso, finto quasi glissare del nato \u201cimparato\u201d, reso pi\u00f9 credibile e persuasivo dalla umilt\u00e0 di aver sperimentato di persona le difficolt\u00e0 del percorso. Ovviamente, anche per leggere si deve essere allenati. Andrea non lo nasconde e avverte che comporta tempo, costanza e buona volont\u00e0. Ma si dice assolutamente certo che l\u2019allenamento sar\u00e0 ripagato da un piacere straordinario, capace di rinnovarsi puntuale e immutato ogni volta. E per sempre.\u00a0 (dalla prefazione)<\/p>\n","protected":false},"featured_media":7725,"comment_status":"closed","ping_status":"closed","template":"","meta":[],"product_brand":[],"product_cat":[66,16],"product_tag":[],"class_list":{"0":"post-7722","1":"product","2":"type-product","3":"status-publish","4":"has-post-thumbnail","6":"product_cat-andrea-iurato","7":"product_cat-fabrica","9":"first","10":"instock","11":"shipping-taxable","12":"purchasable","13":"product-type-simple"},"_links":{"self":[{"href":"https:\/\/www.operaincertaeditore.it\/shop\/index.php\/wp-json\/wp\/v2\/product\/7722","targetHints":{"allow":["GET"]}}],"collection":[{"href":"https:\/\/www.operaincertaeditore.it\/shop\/index.php\/wp-json\/wp\/v2\/product"}],"about":[{"href":"https:\/\/www.operaincertaeditore.it\/shop\/index.php\/wp-json\/wp\/v2\/types\/product"}],"replies":[{"embeddable":true,"href":"https:\/\/www.operaincertaeditore.it\/shop\/index.php\/wp-json\/wp\/v2\/comments?post=7722"}],"wp:featuredmedia":[{"embeddable":true,"href":"https:\/\/www.operaincertaeditore.it\/shop\/index.php\/wp-json\/wp\/v2\/media\/7725"}],"wp:attachment":[{"href":"https:\/\/www.operaincertaeditore.it\/shop\/index.php\/wp-json\/wp\/v2\/media?parent=7722"}],"wp:term":[{"taxonomy":"product_brand","embeddable":true,"href":"https:\/\/www.operaincertaeditore.it\/shop\/index.php\/wp-json\/wp\/v2\/product_brand?post=7722"},{"taxonomy":"product_cat","embeddable":true,"href":"https:\/\/www.operaincertaeditore.it\/shop\/index.php\/wp-json\/wp\/v2\/product_cat?post=7722"},{"taxonomy":"product_tag","embeddable":true,"href":"https:\/\/www.operaincertaeditore.it\/shop\/index.php\/wp-json\/wp\/v2\/product_tag?post=7722"}],"curies":[{"name":"wp","href":"https:\/\/api.w.org\/{rel}","templated":true}]}}