{"id":7232,"date":"2021-12-25T15:09:35","date_gmt":"2021-12-25T14:09:35","guid":{"rendered":"https:\/\/www.operaincertaeditore.it\/shop\/?post_type=product&#038;p=7232"},"modified":"2021-12-25T15:14:14","modified_gmt":"2021-12-25T14:14:14","slug":"carmela-sgarioto-dizionario-dei-soprannomi-ragusani","status":"publish","type":"product","link":"https:\/\/www.operaincertaeditore.it\/shop\/index.php\/prodotto\/carmela-sgarioto-dizionario-dei-soprannomi-ragusani\/","title":{"rendered":"Carmela Sgarioto &#8211; Dizionario dei soprannomi ragusani"},"content":{"rendered":"<p><a href=\"https:\/\/www.operaincertaeditore.it\/shop\/?attachment_id=7234\" rel=\"attachment wp-att-7234\"><img loading=\"lazy\" decoding=\"async\" class=\"alignleft size-full wp-image-7234\" src=\"https:\/\/www.operaincertaeditore.it\/shop\/wp-content\/uploads\/2021\/12\/dizionario_anteprima.jpg\" alt=\"\" width=\"2000\" height=\"1425\" srcset=\"https:\/\/www.operaincertaeditore.it\/shop\/wp-content\/uploads\/2021\/12\/dizionario_anteprima.jpg 2000w, https:\/\/www.operaincertaeditore.it\/shop\/wp-content\/uploads\/2021\/12\/dizionario_anteprima-300x214.jpg 300w, https:\/\/www.operaincertaeditore.it\/shop\/wp-content\/uploads\/2021\/12\/dizionario_anteprima-1024x730.jpg 1024w, https:\/\/www.operaincertaeditore.it\/shop\/wp-content\/uploads\/2021\/12\/dizionario_anteprima-768x547.jpg 768w, https:\/\/www.operaincertaeditore.it\/shop\/wp-content\/uploads\/2021\/12\/dizionario_anteprima-1536x1094.jpg 1536w, https:\/\/www.operaincertaeditore.it\/shop\/wp-content\/uploads\/2021\/12\/dizionario_anteprima-600x428.jpg 600w\" sizes=\"auto, (max-width: 2000px) 100vw, 2000px\" \/><\/a><\/p>\n","protected":false},"excerpt":{"rendered":"<p>Data di Pubblicazione: gennaio 2022<br \/>\nISBN: -88-32220-26-1<br \/>\nPagine: 280<\/p>\n<p>Una parola, a volte due. Tante ne bastano a raccontare una persona, le sue caratteristiche fisiche, il mestiere, il carattere, i vezzi, l\u2019appartenenza familiare e tutta la sua storia. Una parola, a volte due, per tornare con la memoria a un\u2019epoca lontana ma ininterrotta; assaporarne l\u2019atmosfera ripassando in bocca quelle parole per ripeterle o almeno tentare A \u201cnciuria\u201d \u00e8 un\u2019identit\u00e0 grande. \u00c8 innanzitutto una tradizione, popolare e vivida, affettuosa e ruvida. \u00c8 il sunto, minimo e un po\u2019 sprezzante di una persona o di una famiglia intera, in tutte le sue generazioni. \u00c8 un nome, con tutto il potere evocativo che solo i nomi possiedono. Quest\u2019opera ha il merito di approfondire la nostra storia per restituircene una parte unica; un pozzo che penetra e riporta in superficie. Da ragusano, posso affermare che queste sono pagine preziose per la nostra comunit\u00e0.<br \/>\nPeppe Cass\u00ec<br \/>\nSindaco di Ragusa<\/p>\n","protected":false},"featured_media":7235,"comment_status":"closed","ping_status":"closed","template":"","meta":[],"product_brand":[],"product_cat":[62,16],"product_tag":[],"class_list":{"0":"post-7232","1":"product","2":"type-product","3":"status-publish","4":"has-post-thumbnail","6":"product_cat-carmela-sgarioto","7":"product_cat-fabrica","9":"first","10":"instock","11":"shipping-taxable","12":"purchasable","13":"product-type-simple"},"_links":{"self":[{"href":"https:\/\/www.operaincertaeditore.it\/shop\/index.php\/wp-json\/wp\/v2\/product\/7232","targetHints":{"allow":["GET"]}}],"collection":[{"href":"https:\/\/www.operaincertaeditore.it\/shop\/index.php\/wp-json\/wp\/v2\/product"}],"about":[{"href":"https:\/\/www.operaincertaeditore.it\/shop\/index.php\/wp-json\/wp\/v2\/types\/product"}],"replies":[{"embeddable":true,"href":"https:\/\/www.operaincertaeditore.it\/shop\/index.php\/wp-json\/wp\/v2\/comments?post=7232"}],"wp:featuredmedia":[{"embeddable":true,"href":"https:\/\/www.operaincertaeditore.it\/shop\/index.php\/wp-json\/wp\/v2\/media\/7235"}],"wp:attachment":[{"href":"https:\/\/www.operaincertaeditore.it\/shop\/index.php\/wp-json\/wp\/v2\/media?parent=7232"}],"wp:term":[{"taxonomy":"product_brand","embeddable":true,"href":"https:\/\/www.operaincertaeditore.it\/shop\/index.php\/wp-json\/wp\/v2\/product_brand?post=7232"},{"taxonomy":"product_cat","embeddable":true,"href":"https:\/\/www.operaincertaeditore.it\/shop\/index.php\/wp-json\/wp\/v2\/product_cat?post=7232"},{"taxonomy":"product_tag","embeddable":true,"href":"https:\/\/www.operaincertaeditore.it\/shop\/index.php\/wp-json\/wp\/v2\/product_tag?post=7232"}],"curies":[{"name":"wp","href":"https:\/\/api.w.org\/{rel}","templated":true}]}}