{"id":6378,"date":"2021-05-07T18:03:08","date_gmt":"2021-05-07T16:03:08","guid":{"rendered":"https:\/\/www.operaincertaeditore.it\/shop\/?post_type=product&#038;p=6378"},"modified":"2021-06-17T14:16:09","modified_gmt":"2021-06-17T12:16:09","slug":"carmelo-ferrera-ragustralia-ed-altre-inutilita","status":"publish","type":"product","link":"https:\/\/www.operaincertaeditore.it\/shop\/index.php\/prodotto\/carmelo-ferrera-ragustralia-ed-altre-inutilita\/","title":{"rendered":"Carmelo Ferrera: Ragustralia ed altre inutilit\u00e0"},"content":{"rendered":"<p><a href=\"https:\/\/www.operaincertaeditore.it\/shop\/?attachment_id=6380\" rel=\"attachment wp-att-6380\"><img loading=\"lazy\" decoding=\"async\" class=\"alignleft size-full wp-image-6380\" src=\"https:\/\/www.operaincertaeditore.it\/shop\/wp-content\/uploads\/2021\/05\/ferrera_ragustralia_anteprima-1.jpg\" alt=\"\" width=\"2000\" height=\"1425\" srcset=\"https:\/\/www.operaincertaeditore.it\/shop\/wp-content\/uploads\/2021\/05\/ferrera_ragustralia_anteprima-1.jpg 2000w, https:\/\/www.operaincertaeditore.it\/shop\/wp-content\/uploads\/2021\/05\/ferrera_ragustralia_anteprima-1-300x214.jpg 300w, https:\/\/www.operaincertaeditore.it\/shop\/wp-content\/uploads\/2021\/05\/ferrera_ragustralia_anteprima-1-1024x730.jpg 1024w, https:\/\/www.operaincertaeditore.it\/shop\/wp-content\/uploads\/2021\/05\/ferrera_ragustralia_anteprima-1-768x547.jpg 768w, https:\/\/www.operaincertaeditore.it\/shop\/wp-content\/uploads\/2021\/05\/ferrera_ragustralia_anteprima-1-1536x1094.jpg 1536w, https:\/\/www.operaincertaeditore.it\/shop\/wp-content\/uploads\/2021\/05\/ferrera_ragustralia_anteprima-1-600x428.jpg 600w\" sizes=\"auto, (max-width: 2000px) 100vw, 2000px\" \/><\/a><\/p>\n","protected":false},"excerpt":{"rendered":"<p>Data di Pubblicazione: maggio 2021<br \/>\nISBN: 978-88-32220-20-9<br \/>\nPagine: 172<\/p>\n<p>Ragustralia \u00e8 inglobata dentro un&#8217;isola piena di citt\u00e0 e paesi, tutti con pretese continentali, anche quando distano pochi chilometri l&#8217;uno dall&#8217;altro. Siamo alla presenza di un minuscolo sistema planetario composto da piccolissimi pianeti e satelliti che girano attorno ad una stella invisibile da loro, tanto \u00e8 lontana, dispersi in chiss\u00e0 quale galassia. E se anche scomparissero inghiottiti da un buco nero, nessuno se ne accorgerebbe, essendo totalmente inutili. Non \u00e8 terra in cui si pu\u00f2 stare sereni, o meglio, \u00e8 un luogo in cui tutto sembra fermo e senza pericoli, ma questo sarebbe un grave errore di sottovalutazione per chi lo compie. \u00c8 piena invece di cose solo apparentemente immobili ma che sono nella realt\u00e0 mobilissime e feroci. Mortali! In lei vi sono trappole che inghiottono, serrano ed inesorabilmente uccidono. Ma dove si trova Ragustralia? Se qualcuno di voi in questo momento, inopportunamente, mi chiedesse il punto geografico esatto per localizzarla, che potrei dirgli? \u00c8 dentro di me! Questo \u00e8 tacito, ma non basta. Lasciamo stare quindi il punto geografico, ma diamone almeno un&#8217;indicazione! \u00c8 a sud, sempre pi\u00f9 a sud. Lo era, e credo che lo sar\u00e0 ancora di pi\u00f9. Questo vi basti! Ora \u00e8 meglio camminare e camminare scrivendo! Cercher\u00f2 di mantenermi in sicurezza, cos\u00ec nessuno correr\u00e0 pericoli, non si sa mai!<\/p>\n<p><a href=\"https:\/\/youtu.be\/p_nrp9KBd_o\" target=\"_blank\" rel=\"noopener noreferrer\">Il booktrailer<\/a><\/p>\n","protected":false},"featured_media":6379,"comment_status":"closed","ping_status":"closed","template":"","meta":[],"product_brand":[],"product_cat":[22,18],"product_tag":[],"class_list":{"0":"post-6378","1":"product","2":"type-product","3":"status-publish","4":"has-post-thumbnail","6":"product_cat-carmelo-ferrera","7":"product_cat-fabula","9":"first","10":"instock","11":"shipping-taxable","12":"purchasable","13":"product-type-simple"},"_links":{"self":[{"href":"https:\/\/www.operaincertaeditore.it\/shop\/index.php\/wp-json\/wp\/v2\/product\/6378","targetHints":{"allow":["GET"]}}],"collection":[{"href":"https:\/\/www.operaincertaeditore.it\/shop\/index.php\/wp-json\/wp\/v2\/product"}],"about":[{"href":"https:\/\/www.operaincertaeditore.it\/shop\/index.php\/wp-json\/wp\/v2\/types\/product"}],"replies":[{"embeddable":true,"href":"https:\/\/www.operaincertaeditore.it\/shop\/index.php\/wp-json\/wp\/v2\/comments?post=6378"}],"wp:featuredmedia":[{"embeddable":true,"href":"https:\/\/www.operaincertaeditore.it\/shop\/index.php\/wp-json\/wp\/v2\/media\/6379"}],"wp:attachment":[{"href":"https:\/\/www.operaincertaeditore.it\/shop\/index.php\/wp-json\/wp\/v2\/media?parent=6378"}],"wp:term":[{"taxonomy":"product_brand","embeddable":true,"href":"https:\/\/www.operaincertaeditore.it\/shop\/index.php\/wp-json\/wp\/v2\/product_brand?post=6378"},{"taxonomy":"product_cat","embeddable":true,"href":"https:\/\/www.operaincertaeditore.it\/shop\/index.php\/wp-json\/wp\/v2\/product_cat?post=6378"},{"taxonomy":"product_tag","embeddable":true,"href":"https:\/\/www.operaincertaeditore.it\/shop\/index.php\/wp-json\/wp\/v2\/product_tag?post=6378"}],"curies":[{"name":"wp","href":"https:\/\/api.w.org\/{rel}","templated":true}]}}