{"id":47,"date":"2018-06-11T16:15:01","date_gmt":"2018-06-11T14:15:01","guid":{"rendered":"https:\/\/www.operaincertaeditore.it\/shop\/?post_type=product&#038;p=47"},"modified":"2019-03-15T09:07:56","modified_gmt":"2019-03-15T08:07:56","slug":"giuseppe-cusumano-quaderni-tanzani","status":"publish","type":"product","link":"https:\/\/www.operaincertaeditore.it\/shop\/index.php\/prodotto\/giuseppe-cusumano-quaderni-tanzani\/","title":{"rendered":"Giuseppe Cusumano: Quaderni Tanzani"},"content":{"rendered":"<p>Data di Pubblicazione: 2016<br \/>\nISBN: 978-88-902915-7-9<\/p>\n<p>Prezzo: 5 euro<\/p>\n<p>Non un diario di viaggio \u201cclassico\u201d, alla Bruce Chatwin, per intenderci. E non perch\u00e9 la Patagonia sia pi\u00f9 o meglio della Tanzania, anzi. E meno che mai perch\u00e9 l\u2019inglese sia pi\u00f9 bravo del \u201cnostro&#8221; etneo-ibleo, anzi due volte!<br \/>\nI Quaderni tanzani di Peppe Cusumano sono certamente un diario di viaggio, ma solo perch\u00e9 scritti durante i viaggi che Peppe ha fatto in Tanzania, dai ragazzi della missione salesiana del siciliano Padre Salvatore Ricceri.<br \/>\nCusumano ha scritto di quanto ha visto, sentito, toccato in quell\u2019Africa che per motivi i pi\u00f9 vari lo ha scombussolato, mettendo inevitabilmente a confronto la povert\u00e0 materiale dei Masai colla nostra povert\u00e0 spirituale, la loro genuinit\u00e0 e la nostra forse troppo vecchia \u201ccivilt\u00e0\u201d, il senso del dono e della vicinanza, del sorriso anche quando, secondo i nostri canoni, non ci sarebbe proprio niente da ridere.<br \/>\nParte del ricavato sar\u00e0 devoluto alla missione di padre Ricceri.<\/p>\n","protected":false},"excerpt":{"rendered":"<p>Data di Pubblicazione: 2016 ISBN: 978-88-902915-7-9 Prezzo: 5 euro Non un diario di viaggio \u201cclassico\u201d, alla Bruce Chatwin, per intenderci. E non perch\u00e9 la Patagonia sia pi\u00f9 o meglio della [&hellip;]<\/p>\n","protected":false},"featured_media":27,"comment_status":"closed","ping_status":"closed","template":"","meta":[],"product_brand":[],"product_cat":[16,25],"product_tag":[],"class_list":{"0":"post-47","1":"product","2":"type-product","3":"status-publish","4":"has-post-thumbnail","6":"product_cat-fabrica","7":"product_cat-giuseppe-cusumano","9":"first","10":"instock","11":"shipping-taxable","12":"purchasable","13":"product-type-simple"},"_links":{"self":[{"href":"https:\/\/www.operaincertaeditore.it\/shop\/index.php\/wp-json\/wp\/v2\/product\/47","targetHints":{"allow":["GET"]}}],"collection":[{"href":"https:\/\/www.operaincertaeditore.it\/shop\/index.php\/wp-json\/wp\/v2\/product"}],"about":[{"href":"https:\/\/www.operaincertaeditore.it\/shop\/index.php\/wp-json\/wp\/v2\/types\/product"}],"replies":[{"embeddable":true,"href":"https:\/\/www.operaincertaeditore.it\/shop\/index.php\/wp-json\/wp\/v2\/comments?post=47"}],"wp:featuredmedia":[{"embeddable":true,"href":"https:\/\/www.operaincertaeditore.it\/shop\/index.php\/wp-json\/wp\/v2\/media\/27"}],"wp:attachment":[{"href":"https:\/\/www.operaincertaeditore.it\/shop\/index.php\/wp-json\/wp\/v2\/media?parent=47"}],"wp:term":[{"taxonomy":"product_brand","embeddable":true,"href":"https:\/\/www.operaincertaeditore.it\/shop\/index.php\/wp-json\/wp\/v2\/product_brand?post=47"},{"taxonomy":"product_cat","embeddable":true,"href":"https:\/\/www.operaincertaeditore.it\/shop\/index.php\/wp-json\/wp\/v2\/product_cat?post=47"},{"taxonomy":"product_tag","embeddable":true,"href":"https:\/\/www.operaincertaeditore.it\/shop\/index.php\/wp-json\/wp\/v2\/product_tag?post=47"}],"curies":[{"name":"wp","href":"https:\/\/api.w.org\/{rel}","templated":true}]}}