{"id":16845,"date":"2024-12-19T14:47:24","date_gmt":"2024-12-19T13:47:24","guid":{"rendered":"https:\/\/www.operaincertaeditore.it\/shop\/?post_type=product&#038;p=16845"},"modified":"2025-11-17T15:26:10","modified_gmt":"2025-11-17T14:26:10","slug":"maria-giovanna-fanelli-spiccioli-mitologici","status":"publish","type":"product","link":"https:\/\/www.operaincertaeditore.it\/shop\/index.php\/prodotto\/maria-giovanna-fanelli-spiccioli-mitologici\/","title":{"rendered":"Maria Giovanna Fanelli &#8211; Spiccioli mitologici"},"content":{"rendered":"<p><a href=\"https:\/\/www.operaincertaeditore.it\/shop\/?attachment_id=16846\" rel=\"attachment wp-att-16846\"><img loading=\"lazy\" decoding=\"async\" class=\"alignleft size-full wp-image-16846\" src=\"https:\/\/www.operaincertaeditore.it\/shop\/wp-content\/uploads\/2024\/12\/miti_anteprima.jpg\" alt=\"\" width=\"2000\" height=\"1425\" srcset=\"https:\/\/www.operaincertaeditore.it\/shop\/wp-content\/uploads\/2024\/12\/miti_anteprima.jpg 2000w, https:\/\/www.operaincertaeditore.it\/shop\/wp-content\/uploads\/2024\/12\/miti_anteprima-300x214.jpg 300w, https:\/\/www.operaincertaeditore.it\/shop\/wp-content\/uploads\/2024\/12\/miti_anteprima-1024x730.jpg 1024w, https:\/\/www.operaincertaeditore.it\/shop\/wp-content\/uploads\/2024\/12\/miti_anteprima-768x547.jpg 768w, https:\/\/www.operaincertaeditore.it\/shop\/wp-content\/uploads\/2024\/12\/miti_anteprima-1536x1094.jpg 1536w, https:\/\/www.operaincertaeditore.it\/shop\/wp-content\/uploads\/2024\/12\/miti_anteprima-600x428.jpg 600w, https:\/\/www.operaincertaeditore.it\/shop\/wp-content\/uploads\/2024\/12\/miti_anteprima-126x90.jpg 126w, https:\/\/www.operaincertaeditore.it\/shop\/wp-content\/uploads\/2024\/12\/miti_anteprima-84x60.jpg 84w\" sizes=\"auto, (max-width: 2000px) 100vw, 2000px\" \/><\/a><\/p>\n","protected":false},"excerpt":{"rendered":"<p>Data di Pubblicazione: dicembre 2024<br \/>\nISBN: 978-88-32220-88-9<br \/>\nPagine: 84<\/p>\n<p>Questa piccola raccolta, composta da tredici racconti pi\u00f9 uno, \u00e8 un assaggio di mitologia greca. I miti proposti non hanno un fil rouge, se non il gusto personale dell&#8217;autrice; autrice, che ha voluto anche giocare un po&#8217; con la sintassi e i tempi verbali per rendere la scrittura quanto pi\u00f9 vicina possibile al suo parlato. L&#8217;intento \u00e8 di una lettura semplice, scorrevole e divertente, alla portata di chiunque: unico requisito, la curiosit\u00e0. Buona lettura!<\/p>\n","protected":false},"featured_media":16847,"comment_status":"open","ping_status":"closed","template":"","meta":[],"product_brand":[],"product_cat":[16,102],"product_tag":[],"class_list":{"0":"post-16845","1":"product","2":"type-product","3":"status-publish","4":"has-post-thumbnail","6":"product_cat-fabrica","7":"product_cat-maria-giovanna-fanelli","9":"first","10":"instock","11":"shipping-taxable","12":"purchasable","13":"product-type-simple"},"_links":{"self":[{"href":"https:\/\/www.operaincertaeditore.it\/shop\/index.php\/wp-json\/wp\/v2\/product\/16845","targetHints":{"allow":["GET"]}}],"collection":[{"href":"https:\/\/www.operaincertaeditore.it\/shop\/index.php\/wp-json\/wp\/v2\/product"}],"about":[{"href":"https:\/\/www.operaincertaeditore.it\/shop\/index.php\/wp-json\/wp\/v2\/types\/product"}],"replies":[{"embeddable":true,"href":"https:\/\/www.operaincertaeditore.it\/shop\/index.php\/wp-json\/wp\/v2\/comments?post=16845"}],"wp:featuredmedia":[{"embeddable":true,"href":"https:\/\/www.operaincertaeditore.it\/shop\/index.php\/wp-json\/wp\/v2\/media\/16847"}],"wp:attachment":[{"href":"https:\/\/www.operaincertaeditore.it\/shop\/index.php\/wp-json\/wp\/v2\/media?parent=16845"}],"wp:term":[{"taxonomy":"product_brand","embeddable":true,"href":"https:\/\/www.operaincertaeditore.it\/shop\/index.php\/wp-json\/wp\/v2\/product_brand?post=16845"},{"taxonomy":"product_cat","embeddable":true,"href":"https:\/\/www.operaincertaeditore.it\/shop\/index.php\/wp-json\/wp\/v2\/product_cat?post=16845"},{"taxonomy":"product_tag","embeddable":true,"href":"https:\/\/www.operaincertaeditore.it\/shop\/index.php\/wp-json\/wp\/v2\/product_tag?post=16845"}],"curies":[{"name":"wp","href":"https:\/\/api.w.org\/{rel}","templated":true}]}}