{"id":14031,"date":"2024-02-28T17:43:26","date_gmt":"2024-02-28T16:43:26","guid":{"rendered":"https:\/\/www.operaincertaeditore.it\/shop\/?post_type=product&#038;p=14031"},"modified":"2024-02-28T17:47:39","modified_gmt":"2024-02-28T16:47:39","slug":"giorgio-licitra-amori-prostate-e-pregiudizi","status":"publish","type":"product","link":"https:\/\/www.operaincertaeditore.it\/shop\/index.php\/prodotto\/giorgio-licitra-amori-prostate-e-pregiudizi\/","title":{"rendered":"Giorgio Licitra &#8211; Amori, prostate e pregiudizi"},"content":{"rendered":"<p><a href=\"https:\/\/www.operaincertaeditore.it\/shop\/?attachment_id=14034\" rel=\"attachment wp-att-14034\"><img loading=\"lazy\" decoding=\"async\" class=\"alignleft size-full wp-image-14034\" src=\"https:\/\/www.operaincertaeditore.it\/shop\/wp-content\/uploads\/2024\/02\/prostate_anteprima.jpg\" alt=\"\" width=\"2000\" height=\"1425\" srcset=\"https:\/\/www.operaincertaeditore.it\/shop\/wp-content\/uploads\/2024\/02\/prostate_anteprima.jpg 2000w, https:\/\/www.operaincertaeditore.it\/shop\/wp-content\/uploads\/2024\/02\/prostate_anteprima-300x214.jpg 300w, https:\/\/www.operaincertaeditore.it\/shop\/wp-content\/uploads\/2024\/02\/prostate_anteprima-1024x730.jpg 1024w, https:\/\/www.operaincertaeditore.it\/shop\/wp-content\/uploads\/2024\/02\/prostate_anteprima-768x547.jpg 768w, https:\/\/www.operaincertaeditore.it\/shop\/wp-content\/uploads\/2024\/02\/prostate_anteprima-1536x1094.jpg 1536w, https:\/\/www.operaincertaeditore.it\/shop\/wp-content\/uploads\/2024\/02\/prostate_anteprima-600x428.jpg 600w, https:\/\/www.operaincertaeditore.it\/shop\/wp-content\/uploads\/2024\/02\/prostate_anteprima-126x90.jpg 126w, https:\/\/www.operaincertaeditore.it\/shop\/wp-content\/uploads\/2024\/02\/prostate_anteprima-84x60.jpg 84w\" sizes=\"auto, (max-width: 2000px) 100vw, 2000px\" \/><\/a><\/p>\n","protected":false},"excerpt":{"rendered":"<p>Data di Pubblicazione: marzo 2024<br \/>\nISBN: 978-88-32220-65-0<br \/>\nPagine: 192<\/p>\n<p>Quattro storie, con un fil rouge che le lega l\u2019une all\u2019altre, un filo a volte netto e chiaro, altre appena visibile, popolate da uomini e donne che mostrano le loro fragilit\u00e0 e sono alla ricerca di sicurezze e certezze. La storia di Rodolfo, uomo tutto d&#8217;un pezzo, si ritrova a combattere contro il suo fantasma che lo porter\u00e0 ad aver timore e preoccupazione di non poter pi\u00f9 vivere una vita sessuale felice con la propria donna. Quella di Sabina, alla morte della madre viene travolta da una serie di notizie che le fanno dubitare di tutto e di tutti, tra cui una che le cambia la vita. In suo aiuto c\u2019\u00e8 Lino, un uomo che nel corso della sua vita purtroppo ha avuto a che fare con una serie di esperienze negative e per questo chiude qualsiasi rapporto con il sesso opposto. Qualcosa o qualcuno gli far\u00e0 cambiare idea. O quella di Giovannino, decide di partire per una vacanza organizzata in Jugoslavia, dove la sua vita sar\u00e0 al centro di avventure, pericoli e infatuazioni che lo porteranno a credere che casa sua \u00e8 il suo posto pi\u00f9 sicuro. Infine c\u2019\u00e8 la storia di Soave, donna sposata che abbandona il tetto coniugale per via del tradimento del marito, si ritrover\u00e0 anche lei da sola a combattere le proprie paure, la solitudine e i propri mostri. Ma sar\u00e0 il cambiamento, forse, a portare una nuova luce nella sua vita. Il quotidiano, l&#8217;ordinario si combina con l&#8217;ironia per far s\u00ec che il lettore possa immedesimarsi, riflettere, sorridere e comprendere i lati negativi o quelli positivi della vita e come da questi se ne possa uscire a volte in modo casuale.<\/p>\n","protected":false},"featured_media":14037,"comment_status":"closed","ping_status":"closed","template":"","meta":[],"product_brand":[],"product_cat":[18,89],"product_tag":[],"class_list":{"0":"post-14031","1":"product","2":"type-product","3":"status-publish","4":"has-post-thumbnail","6":"product_cat-fabula","7":"product_cat-giorgio-licitra","9":"first","10":"instock","11":"shipping-taxable","12":"purchasable","13":"product-type-simple"},"_links":{"self":[{"href":"https:\/\/www.operaincertaeditore.it\/shop\/index.php\/wp-json\/wp\/v2\/product\/14031","targetHints":{"allow":["GET"]}}],"collection":[{"href":"https:\/\/www.operaincertaeditore.it\/shop\/index.php\/wp-json\/wp\/v2\/product"}],"about":[{"href":"https:\/\/www.operaincertaeditore.it\/shop\/index.php\/wp-json\/wp\/v2\/types\/product"}],"replies":[{"embeddable":true,"href":"https:\/\/www.operaincertaeditore.it\/shop\/index.php\/wp-json\/wp\/v2\/comments?post=14031"}],"wp:featuredmedia":[{"embeddable":true,"href":"https:\/\/www.operaincertaeditore.it\/shop\/index.php\/wp-json\/wp\/v2\/media\/14037"}],"wp:attachment":[{"href":"https:\/\/www.operaincertaeditore.it\/shop\/index.php\/wp-json\/wp\/v2\/media?parent=14031"}],"wp:term":[{"taxonomy":"product_brand","embeddable":true,"href":"https:\/\/www.operaincertaeditore.it\/shop\/index.php\/wp-json\/wp\/v2\/product_brand?post=14031"},{"taxonomy":"product_cat","embeddable":true,"href":"https:\/\/www.operaincertaeditore.it\/shop\/index.php\/wp-json\/wp\/v2\/product_cat?post=14031"},{"taxonomy":"product_tag","embeddable":true,"href":"https:\/\/www.operaincertaeditore.it\/shop\/index.php\/wp-json\/wp\/v2\/product_tag?post=14031"}],"curies":[{"name":"wp","href":"https:\/\/api.w.org\/{rel}","templated":true}]}}