{"id":13087,"date":"2023-12-09T13:06:11","date_gmt":"2023-12-09T12:06:11","guid":{"rendered":"https:\/\/www.operaincertaeditore.it\/shop\/?post_type=product&#038;p=13087"},"modified":"2023-12-09T13:11:19","modified_gmt":"2023-12-09T12:11:19","slug":"domenico-pisana-letteratura-come-interpretazione-della-vita","status":"publish","type":"product","link":"https:\/\/www.operaincertaeditore.it\/shop\/index.php\/prodotto\/domenico-pisana-letteratura-come-interpretazione-della-vita\/","title":{"rendered":"Domenico Pisana &#8211; Letteratura come interpretazione della vita"},"content":{"rendered":"<p><a href=\"https:\/\/www.operaincertaeditore.it\/shop\/?attachment_id=13088\" rel=\"attachment wp-att-13088\"><img loading=\"lazy\" decoding=\"async\" class=\"alignleft size-full wp-image-13088\" src=\"https:\/\/www.operaincertaeditore.it\/shop\/wp-content\/uploads\/2023\/12\/letteratura_anteprima.jpg\" alt=\"\" width=\"2000\" height=\"1425\" srcset=\"https:\/\/www.operaincertaeditore.it\/shop\/wp-content\/uploads\/2023\/12\/letteratura_anteprima.jpg 2000w, https:\/\/www.operaincertaeditore.it\/shop\/wp-content\/uploads\/2023\/12\/letteratura_anteprima-300x214.jpg 300w, https:\/\/www.operaincertaeditore.it\/shop\/wp-content\/uploads\/2023\/12\/letteratura_anteprima-1024x730.jpg 1024w, https:\/\/www.operaincertaeditore.it\/shop\/wp-content\/uploads\/2023\/12\/letteratura_anteprima-768x547.jpg 768w, https:\/\/www.operaincertaeditore.it\/shop\/wp-content\/uploads\/2023\/12\/letteratura_anteprima-1536x1094.jpg 1536w, https:\/\/www.operaincertaeditore.it\/shop\/wp-content\/uploads\/2023\/12\/letteratura_anteprima-600x428.jpg 600w, https:\/\/www.operaincertaeditore.it\/shop\/wp-content\/uploads\/2023\/12\/letteratura_anteprima-126x90.jpg 126w, https:\/\/www.operaincertaeditore.it\/shop\/wp-content\/uploads\/2023\/12\/letteratura_anteprima-84x60.jpg 84w\" sizes=\"auto, (max-width: 2000px) 100vw, 2000px\" \/><\/a><\/p>\n","protected":false},"excerpt":{"rendered":"<p>Data di Pubblicazione: dicembre 2023<br \/>\nISBN: 978-88-32220-63-6<br \/>\nPagine: 230<\/p>\n<p>Domenico Pisana mette a tema il modo con cui la letteratura recupera l\u2019esperienza umana condotta tra due conoscenze, una divina e l\u2019altra filosofica, rivelando i possibili suoi rapporti con la societ\u00e0 e con la storia. Il volume \u00e8 ben pi\u00f9 di un repertorio di testi critici, nell\u2019ampiezza delle interpretazioni e nella variet\u00e0 degli squarci ermeneutici che esso presenta; qui, si concede una\u00a0 nuova vita ad una letteratura che \u201cha la stessa qualit\u00e0 del vissuto\u201d, per dirla con le parole di Spadaro, a testi di noti scrittori italiani e protagonisti della scena internazionale: Ugo Foscolo,\u00a0 Giacomo Leopardi, Clemente Rebora, Eugenio Montale, Salvatore Quasimodo, Umberto Saba, Federico Garcia Lorca, Luigi Capuana, Giovanni Verga, Gesualdo Bufalino, Leonardo Sciascia,\u00a0 Pierpaolo Pasolini. L\u2019attenzione sul binomio letteratura\/vita riporta alla memoria il saggio di Carlo Bo Letteratura come vita, che \u00e8 stato fondamentale per capire le motivazioni profonde dell\u2019ermetismo e la \u201cmissione\u201d della letteratura che ha come scopo la ricerca continua della verit\u00e0 e di noi stessi, e la scoperta di un\u2019identit\u00e0 che si allontana dalla realt\u00e0 storica della societ\u00e0\u00a0 umana.\u00a0 Wafaa Raouf El Beih<\/p>\n","protected":false},"featured_media":13089,"comment_status":"closed","ping_status":"closed","template":"","meta":[],"product_brand":[],"product_cat":[73,16],"product_tag":[],"class_list":{"0":"post-13087","1":"product","2":"type-product","3":"status-publish","4":"has-post-thumbnail","6":"product_cat-domenico-pisana","7":"product_cat-fabrica","9":"first","10":"instock","11":"shipping-taxable","12":"purchasable","13":"product-type-simple"},"_links":{"self":[{"href":"https:\/\/www.operaincertaeditore.it\/shop\/index.php\/wp-json\/wp\/v2\/product\/13087","targetHints":{"allow":["GET"]}}],"collection":[{"href":"https:\/\/www.operaincertaeditore.it\/shop\/index.php\/wp-json\/wp\/v2\/product"}],"about":[{"href":"https:\/\/www.operaincertaeditore.it\/shop\/index.php\/wp-json\/wp\/v2\/types\/product"}],"replies":[{"embeddable":true,"href":"https:\/\/www.operaincertaeditore.it\/shop\/index.php\/wp-json\/wp\/v2\/comments?post=13087"}],"wp:featuredmedia":[{"embeddable":true,"href":"https:\/\/www.operaincertaeditore.it\/shop\/index.php\/wp-json\/wp\/v2\/media\/13089"}],"wp:attachment":[{"href":"https:\/\/www.operaincertaeditore.it\/shop\/index.php\/wp-json\/wp\/v2\/media?parent=13087"}],"wp:term":[{"taxonomy":"product_brand","embeddable":true,"href":"https:\/\/www.operaincertaeditore.it\/shop\/index.php\/wp-json\/wp\/v2\/product_brand?post=13087"},{"taxonomy":"product_cat","embeddable":true,"href":"https:\/\/www.operaincertaeditore.it\/shop\/index.php\/wp-json\/wp\/v2\/product_cat?post=13087"},{"taxonomy":"product_tag","embeddable":true,"href":"https:\/\/www.operaincertaeditore.it\/shop\/index.php\/wp-json\/wp\/v2\/product_tag?post=13087"}],"curies":[{"name":"wp","href":"https:\/\/api.w.org\/{rel}","templated":true}]}}