{"id":12665,"date":"2023-11-10T11:28:36","date_gmt":"2023-11-10T10:28:36","guid":{"rendered":"https:\/\/www.operaincertaeditore.it\/shop\/?post_type=product&#038;p=12665"},"modified":"2023-11-10T12:11:40","modified_gmt":"2023-11-10T11:11:40","slug":"antonella-galuppi-spillo-e-karim","status":"publish","type":"product","link":"https:\/\/www.operaincertaeditore.it\/shop\/index.php\/prodotto\/antonella-galuppi-spillo-e-karim\/","title":{"rendered":"Antonella Galuppi &#8211; Spillo e Karim"},"content":{"rendered":"<p><a href=\"https:\/\/www.operaincertaeditore.it\/shop\/?attachment_id=12666\" rel=\"attachment wp-att-12666\"><img loading=\"lazy\" decoding=\"async\" class=\"alignleft size-full wp-image-12666\" src=\"https:\/\/www.operaincertaeditore.it\/shop\/wp-content\/uploads\/2023\/11\/spillo_anteprima.jpg\" alt=\"\" width=\"2000\" height=\"1425\" srcset=\"https:\/\/www.operaincertaeditore.it\/shop\/wp-content\/uploads\/2023\/11\/spillo_anteprima.jpg 2000w, https:\/\/www.operaincertaeditore.it\/shop\/wp-content\/uploads\/2023\/11\/spillo_anteprima-300x214.jpg 300w, https:\/\/www.operaincertaeditore.it\/shop\/wp-content\/uploads\/2023\/11\/spillo_anteprima-1024x730.jpg 1024w, https:\/\/www.operaincertaeditore.it\/shop\/wp-content\/uploads\/2023\/11\/spillo_anteprima-768x547.jpg 768w, https:\/\/www.operaincertaeditore.it\/shop\/wp-content\/uploads\/2023\/11\/spillo_anteprima-1536x1094.jpg 1536w, https:\/\/www.operaincertaeditore.it\/shop\/wp-content\/uploads\/2023\/11\/spillo_anteprima-600x428.jpg 600w, https:\/\/www.operaincertaeditore.it\/shop\/wp-content\/uploads\/2023\/11\/spillo_anteprima-126x90.jpg 126w, https:\/\/www.operaincertaeditore.it\/shop\/wp-content\/uploads\/2023\/11\/spillo_anteprima-84x60.jpg 84w\" sizes=\"auto, (max-width: 2000px) 100vw, 2000px\" \/><\/a><\/p>\n","protected":false},"excerpt":{"rendered":"<p>Data di Pubblicazione: novembre 2023<br \/>\nISBN 978-88-32220-60-5<br \/>\nPagine: 30<\/p>\n<p>Un cagnolino acquistato come regalo di Natale, e poi abbandonato, e un bambino orfano, che vive per strada: possono cambiare le loro vite? Si, quando la forza dell\u2019amore \u00e8 pi\u00f9 grande di ogni cosa. Dal loro incontro nascer\u00e0 una storia bellissima d\u2019amicizia e di fiducia. A tutela dei diritti dei bambini e degli animali.<\/p>\n","protected":false},"featured_media":12667,"comment_status":"closed","ping_status":"closed","template":"","meta":[],"product_brand":[],"product_cat":[60,83],"product_tag":[],"class_list":{"0":"post-12665","1":"product","2":"type-product","3":"status-publish","4":"has-post-thumbnail","6":"product_cat-antonella-galuppi","7":"product_cat-iuvenilia","9":"first","10":"instock","11":"shipping-taxable","12":"purchasable","13":"product-type-simple"},"_links":{"self":[{"href":"https:\/\/www.operaincertaeditore.it\/shop\/index.php\/wp-json\/wp\/v2\/product\/12665","targetHints":{"allow":["GET"]}}],"collection":[{"href":"https:\/\/www.operaincertaeditore.it\/shop\/index.php\/wp-json\/wp\/v2\/product"}],"about":[{"href":"https:\/\/www.operaincertaeditore.it\/shop\/index.php\/wp-json\/wp\/v2\/types\/product"}],"replies":[{"embeddable":true,"href":"https:\/\/www.operaincertaeditore.it\/shop\/index.php\/wp-json\/wp\/v2\/comments?post=12665"}],"wp:featuredmedia":[{"embeddable":true,"href":"https:\/\/www.operaincertaeditore.it\/shop\/index.php\/wp-json\/wp\/v2\/media\/12667"}],"wp:attachment":[{"href":"https:\/\/www.operaincertaeditore.it\/shop\/index.php\/wp-json\/wp\/v2\/media?parent=12665"}],"wp:term":[{"taxonomy":"product_brand","embeddable":true,"href":"https:\/\/www.operaincertaeditore.it\/shop\/index.php\/wp-json\/wp\/v2\/product_brand?post=12665"},{"taxonomy":"product_cat","embeddable":true,"href":"https:\/\/www.operaincertaeditore.it\/shop\/index.php\/wp-json\/wp\/v2\/product_cat?post=12665"},{"taxonomy":"product_tag","embeddable":true,"href":"https:\/\/www.operaincertaeditore.it\/shop\/index.php\/wp-json\/wp\/v2\/product_tag?post=12665"}],"curies":[{"name":"wp","href":"https:\/\/api.w.org\/{rel}","templated":true}]}}