{"id":11011,"date":"2023-06-06T14:52:00","date_gmt":"2023-06-06T12:52:00","guid":{"rendered":"https:\/\/www.operaincertaeditore.it\/shop\/?post_type=product&#038;p=11011"},"modified":"2023-06-06T14:55:37","modified_gmt":"2023-06-06T12:55:37","slug":"paolo-roccuzzo-passo-dopo-passo","status":"publish","type":"product","link":"https:\/\/www.operaincertaeditore.it\/shop\/index.php\/prodotto\/paolo-roccuzzo-passo-dopo-passo\/","title":{"rendered":"Paolo Roccuzzo &#8211; Passo dopo passo"},"content":{"rendered":"<p><a href=\"https:\/\/www.operaincertaeditore.it\/shop\/?attachment_id=11015\" rel=\"attachment wp-att-11015\"><img loading=\"lazy\" decoding=\"async\" class=\"alignright size-full wp-image-11015\" src=\"https:\/\/www.operaincertaeditore.it\/shop\/wp-content\/uploads\/2023\/06\/passo_anteprima.jpg\" alt=\"\" width=\"2000\" height=\"1425\" srcset=\"https:\/\/www.operaincertaeditore.it\/shop\/wp-content\/uploads\/2023\/06\/passo_anteprima.jpg 2000w, https:\/\/www.operaincertaeditore.it\/shop\/wp-content\/uploads\/2023\/06\/passo_anteprima-300x214.jpg 300w, https:\/\/www.operaincertaeditore.it\/shop\/wp-content\/uploads\/2023\/06\/passo_anteprima-1024x730.jpg 1024w, https:\/\/www.operaincertaeditore.it\/shop\/wp-content\/uploads\/2023\/06\/passo_anteprima-768x547.jpg 768w, https:\/\/www.operaincertaeditore.it\/shop\/wp-content\/uploads\/2023\/06\/passo_anteprima-1536x1094.jpg 1536w, https:\/\/www.operaincertaeditore.it\/shop\/wp-content\/uploads\/2023\/06\/passo_anteprima-600x428.jpg 600w\" sizes=\"auto, (max-width: 2000px) 100vw, 2000px\" \/><\/a><\/p>\n","protected":false},"excerpt":{"rendered":"<p>Data di Pubblicazione: giugno 2023<br \/>\nISBN 978-88-32220-52-0<br \/>\nPagine: 156<\/p>\n<p>Gli avi ripetevano: \u201cImpara l\u2019arte e mettila da parte, prima o poi ti torner\u00e0 utile\u201d. Questo \u00e8 sicuramente vero, ma penso si riferissero principalmente alla possibilit\u00e0 di svolgere un lavoro quando il tuo non trovava un mercato, quindi alla possibilit\u00e0 di avere nella vita un\u2019alternativa. Avere svolto tanti mestieri \u00e8 come conoscere tante lingue, ti mette nelle condizioni di comunicare e confrontarti con persone con le quali in apparenza non hai nulla in comune. Questo libro \u00e8 nato per caso e per una serie di coincidenze favorevoli e non \u00e8 il frutto di una romantica nostalgia, ma di una meditata riflessione e dell\u2019esperienza vissuta allora come bambino ed ora come osservatore attento delle abitudini quasi imposte dalla societ\u00e0 consumistica. Le storie che vi sono raccontate hanno lo scopo di lasciare un minimo di impressione su un mondo reale che ho vissuto e che oggi non viene percepito come tale, lasciare quindi qualcosa di me stesso attraverso sensazioni e sentimenti vissuti. In poche parole lasciare le mie radici. Spesso penso a cose di anni fa, a quando chiedevo a mio padre o a mia madre informazioni su qualcosa che non avevo approfondito sufficientemente. Mi ritrovo, oggi, per\u00f2 a darmi da solo una risposta sconsolata. Non posso oramai chiedere a nessuno, perch\u00e9 i miei genitori non ci sono pi\u00f9. Considero questo un grande limite, una perdita immensa. Ecco perch\u00e9 racconto con ancora pi\u00f9 entusiasmo le mie storie, la storia della mia famiglia e del mio mondo.<\/p>\n","protected":false},"featured_media":11016,"comment_status":"closed","ping_status":"closed","template":"","meta":[],"product_brand":[],"product_cat":[18,78],"product_tag":[],"class_list":{"0":"post-11011","1":"product","2":"type-product","3":"status-publish","4":"has-post-thumbnail","6":"product_cat-fabula","7":"product_cat-paolo-roccuzzo","9":"first","10":"instock","11":"shipping-taxable","12":"purchasable","13":"product-type-simple"},"_links":{"self":[{"href":"https:\/\/www.operaincertaeditore.it\/shop\/index.php\/wp-json\/wp\/v2\/product\/11011","targetHints":{"allow":["GET"]}}],"collection":[{"href":"https:\/\/www.operaincertaeditore.it\/shop\/index.php\/wp-json\/wp\/v2\/product"}],"about":[{"href":"https:\/\/www.operaincertaeditore.it\/shop\/index.php\/wp-json\/wp\/v2\/types\/product"}],"replies":[{"embeddable":true,"href":"https:\/\/www.operaincertaeditore.it\/shop\/index.php\/wp-json\/wp\/v2\/comments?post=11011"}],"wp:featuredmedia":[{"embeddable":true,"href":"https:\/\/www.operaincertaeditore.it\/shop\/index.php\/wp-json\/wp\/v2\/media\/11016"}],"wp:attachment":[{"href":"https:\/\/www.operaincertaeditore.it\/shop\/index.php\/wp-json\/wp\/v2\/media?parent=11011"}],"wp:term":[{"taxonomy":"product_brand","embeddable":true,"href":"https:\/\/www.operaincertaeditore.it\/shop\/index.php\/wp-json\/wp\/v2\/product_brand?post=11011"},{"taxonomy":"product_cat","embeddable":true,"href":"https:\/\/www.operaincertaeditore.it\/shop\/index.php\/wp-json\/wp\/v2\/product_cat?post=11011"},{"taxonomy":"product_tag","embeddable":true,"href":"https:\/\/www.operaincertaeditore.it\/shop\/index.php\/wp-json\/wp\/v2\/product_tag?post=11011"}],"curies":[{"name":"wp","href":"https:\/\/api.w.org\/{rel}","templated":true}]}}